{"id":12954,"date":"2021-05-05T08:23:10","date_gmt":"2021-05-05T08:23:10","guid":{"rendered":"https:\/\/lanthadesol.com\/?page_id=12954"},"modified":"2023-12-05T02:01:18","modified_gmt":"2023-12-05T02:01:18","slug":"politica-privacidad","status":"publish","type":"page","link":"https:\/\/lanthadesol.com\/en\/politica-privacidad\/","title":{"rendered":"Privacy Policy"},"content":{"rendered":"<div data-elementor-type=\"wp-page\" data-elementor-id=\"12954\" class=\"elementor elementor-12954\">\n\t\t\t\t\t\t<section class=\"elementor-section elementor-top-section elementor-element elementor-element-2b1184b0 elementor-section-boxed elementor-section-height-default elementor-section-height-default sc_fly_static\" data-id=\"2b1184b0\" data-element_type=\"section\" data-e-type=\"section\" data-settings=\"{&quot;background_background&quot;:&quot;classic&quot;}\">\n\t\t\t\t\t\t<div class=\"elementor-container elementor-column-gap-extended\">\n\t\t\t\t\t<div class=\"elementor-column elementor-col-100 elementor-top-column elementor-element elementor-element-153e1c19 sc_inner_width_none sc_content_align_inherit sc_layouts_column_icons_position_left sc_fly_static\" data-id=\"153e1c19\" data-element_type=\"column\" data-e-type=\"column\">\n\t\t\t<div class=\"elementor-widget-wrap elementor-element-populated\">\n\t\t\t\t\t\t<div class=\"elementor-element elementor-element-54db29de sc_fly_static elementor-widget elementor-widget-text-editor\" data-id=\"54db29de\" data-element_type=\"widget\" data-e-type=\"widget\" data-widget_type=\"text-editor.default\">\n\t\t\t\t<div class=\"elementor-widget-container\">\n\t\t\t\t\t\t\t\t\t<h3>1. Information Collected<\/h3><p><strong>1.1 Personal Information:<\/strong> We collect personal information such as name, email address, and geographic location only when voluntarily provided, for example, when subscribing to a newsletter or making a purchase.<\/p><p><strong>1.2 Automatic Information:<\/strong> The website may automatically collect certain information, such as IP address, browser type, length of visit, and pages viewed. This information is used to improve user experience and website functionality.<\/p><h3>2. Use of Information<\/h3><p>The information collected is used to:<\/p><ul><li>Process transactions and send confirmations.<\/li><li>Personalize the user experience.<\/li><li>Send relevant information by email.<\/li><li>Improve and maintain site security.<\/li><\/ul><h3>3. Cookies and Similar Technologies<\/h3><p>We use cookies and similar technologies to improve site functionality and personalize your experience. You can manage your cookie preferences at any time through your browser settings.<\/p><h3>4. Share Information<\/h3><p>We do not share personal information with third parties except when necessary to fulfill specific user transactions or requests.<\/p><h3>5. Security<\/h3><p>We implement security measures to protect your personal information. However, no Internet transmission or electronic storage is 100% secure, so we cannot guarantee its absolute security.<\/p><h3>6. Links to Third Parties<\/h3><p>The website may contain links to third-party sites. We are not responsible for the privacy practices of these sites and recommend reviewing their individual policies.<\/p><h3>7. Changes to the Privacy Policy<\/h3><p>We reserve the right to update this policy at any time. Significant changes will be notified via the website.<\/p><h3>8. User Rights<\/h3><p>Users have the right to access, correct, or delete their personal information. To exercise these rights or to inquire about our privacy policy, please contact us at <a href=\"mailto:lanthadesol@gmail.com\">lanthadesol@gmail.com<\/a>.<\/p><p>By using Lanthadesol.com, you agree to the terms of this Privacy Policy.<\/p>\t\t\t\t\t\t\t\t<\/div>\n\t\t\t\t<\/div>\n\t\t\t\t\t<\/div>\n\t\t<\/div>\n\t\t\t\t\t<\/div>\n\t\t<\/section>\n\t\t\t\t<section class=\"elementor-section elementor-top-section elementor-element elementor-element-58aae568 elementor-section-boxed elementor-section-height-default elementor-section-height-default sc_fly_static\" data-id=\"58aae568\" data-element_type=\"section\" data-e-type=\"section\">\n\t\t\t\t\t\t<div class=\"elementor-container elementor-column-gap-extended\">\n\t\t\t\t\t<div class=\"elementor-column elementor-col-100 elementor-top-column elementor-element elementor-element-67da3741 sc_inner_width_none sc_content_align_inherit sc_layouts_column_icons_position_left sc_fly_static\" data-id=\"67da3741\" data-element_type=\"column\" data-e-type=\"column\">\n\t\t\t<div class=\"elementor-widget-wrap elementor-element-populated\">\n\t\t\t\t\t\t<div class=\"elementor-element elementor-element-12f7b1c2 sc_fly_static elementor-widget elementor-widget-spacer\" data-id=\"12f7b1c2\" data-element_type=\"widget\" data-e-type=\"widget\" data-widget_type=\"spacer.default\">\n\t\t\t\t<div class=\"elementor-widget-container\">\n\t\t\t\t\t\t\t<div class=\"elementor-spacer\">\n\t\t\t<div class=\"elementor-spacer-inner\"><\/div>\n\t\t<\/div>\n\t\t\t\t\t\t<\/div>\n\t\t\t\t<\/div>\n\t\t\t\t\t<\/div>\n\t\t<\/div>\n\t\t\t\t\t<\/div>\n\t\t<\/section>\n\t\t\t\t<\/div>","protected":false},"excerpt":{"rendered":"<p>1. Informaci\u00f3n Recopilada 1.1 Informaci\u00f3n Personal: Recopilamos informaci\u00f3n personal como nombre, direcci\u00f3n de correo electr\u00f3nico y ubicaci\u00f3n geogr\u00e1fica solo cuando se proporciona voluntariamente, por ejemplo, al suscribirse al bolet\u00edn o&hellip;<\/p>","protected":false},"author":1,"featured_media":0,"parent":0,"menu_order":0,"comment_status":"closed","ping_status":"closed","template":"","meta":{"om_disable_all_campaigns":false,"_monsterinsights_skip_tracking":false,"_monsterinsights_sitenote_active":false,"_monsterinsights_sitenote_note":"","_monsterinsights_sitenote_category":0,"footnotes":""},"class_list":["post-12954","page","type-page","status-publish","hentry"],"aioseo_notices":[],"_links":{"self":[{"href":"https:\/\/lanthadesol.com\/en\/wp-json\/wp\/v2\/pages\/12954","targetHints":{"allow":["GET"]}}],"collection":[{"href":"https:\/\/lanthadesol.com\/en\/wp-json\/wp\/v2\/pages"}],"about":[{"href":"https:\/\/lanthadesol.com\/en\/wp-json\/wp\/v2\/types\/page"}],"author":[{"embeddable":true,"href":"https:\/\/lanthadesol.com\/en\/wp-json\/wp\/v2\/users\/1"}],"replies":[{"embeddable":true,"href":"https:\/\/lanthadesol.com\/en\/wp-json\/wp\/v2\/comments?post=12954"}],"version-history":[{"count":4,"href":"https:\/\/lanthadesol.com\/en\/wp-json\/wp\/v2\/pages\/12954\/revisions"}],"predecessor-version":[{"id":21208,"href":"https:\/\/lanthadesol.com\/en\/wp-json\/wp\/v2\/pages\/12954\/revisions\/21208"}],"wp:attachment":[{"href":"https:\/\/lanthadesol.com\/en\/wp-json\/wp\/v2\/media?parent=12954"}],"curies":[{"name":"wp","href":"https:\/\/api.w.org\/{rel}","templated":true}]}}