{"id":22125,"date":"2024-12-05T16:24:19","date_gmt":"2024-12-05T16:24:19","guid":{"rendered":"https:\/\/lanthadesol.com\/?page_id=22125"},"modified":"2024-12-05T16:37:47","modified_gmt":"2024-12-05T16:37:47","slug":"limpieza-holistica","status":"publish","type":"page","link":"https:\/\/lanthadesol.com\/en\/limpieza-holistica\/","title":{"rendered":"Holistic Cleaning"},"content":{"rendered":"<div data-elementor-type=\"wp-page\" data-elementor-id=\"22125\" class=\"elementor elementor-22125\">\n\t\t\t\t\t\t<section class=\"elementor-section elementor-top-section elementor-element elementor-element-f471ba4 elementor-section-boxed elementor-section-height-default elementor-section-height-default sc_fly_static\" data-id=\"f471ba4\" data-element_type=\"section\" data-e-type=\"section\">\n\t\t\t\t\t\t<div class=\"elementor-container elementor-column-gap-extended\">\n\t\t\t\t\t<div class=\"elementor-column elementor-col-50 elementor-top-column elementor-element elementor-element-71de7cc sc_inner_width_none sc_content_align_inherit sc_layouts_column_icons_position_left sc_fly_static\" data-id=\"71de7cc\" data-element_type=\"column\" data-e-type=\"column\">\n\t\t\t<div class=\"elementor-widget-wrap elementor-element-populated\">\n\t\t\t\t\t\t<div class=\"elementor-element elementor-element-5022b5c sc_fly_static elementor-widget elementor-widget-image\" data-id=\"5022b5c\" data-element_type=\"widget\" data-e-type=\"widget\" data-widget_type=\"image.default\">\n\t\t\t\t<div class=\"elementor-widget-container\">\n\t\t\t\t\t\t\t\t\t\t\t\t\t\t\t<img fetchpriority=\"high\" decoding=\"async\" width=\"599\" height=\"557\" src=\"https:\/\/lanthadesol.com\/wp-content\/uploads\/2020\/05\/Captura-de-pantalla-2023-12-13-a-las-09.44.26.png\" class=\"attachment-large size-large wp-image-21540\" alt=\"\" srcset=\"https:\/\/lanthadesol.com\/wp-content\/uploads\/2020\/05\/Captura-de-pantalla-2023-12-13-a-las-09.44.26.png 599w, https:\/\/lanthadesol.com\/wp-content\/uploads\/2020\/05\/Captura-de-pantalla-2023-12-13-a-las-09.44.26-300x279.png 300w, https:\/\/lanthadesol.com\/wp-content\/uploads\/2020\/05\/Captura-de-pantalla-2023-12-13-a-las-09.44.26-370x344.png 370w, https:\/\/lanthadesol.com\/wp-content\/uploads\/2020\/05\/Captura-de-pantalla-2023-12-13-a-las-09.44.26-410x381.png 410w\" sizes=\"(max-width: 600px) 100vw, 599px\" \/>\t\t\t\t\t\t\t\t\t\t\t\t\t\t\t<\/div>\n\t\t\t\t<\/div>\n\t\t\t\t\t<\/div>\n\t\t<\/div>\n\t\t\t\t<div class=\"elementor-column elementor-col-50 elementor-top-column elementor-element elementor-element-9e97977 sc_inner_width_none sc_content_align_inherit sc_layouts_column_icons_position_left sc_fly_static\" data-id=\"9e97977\" data-element_type=\"column\" data-e-type=\"column\">\n\t\t\t<div class=\"elementor-widget-wrap elementor-element-populated\">\n\t\t\t\t\t\t<div class=\"elementor-element elementor-element-7a80c87 sc_fly_static elementor-widget elementor-widget-text-editor\" data-id=\"7a80c87\" data-element_type=\"widget\" data-e-type=\"widget\" data-widget_type=\"text-editor.default\">\n\t\t\t\t<div class=\"elementor-widget-container\">\n\t\t\t\t\t\t\t\t\t<p>As Lantha de Sol, I offer you the experience of a holistic cleanse. This service addresses not only your physical health but also your mental, emotional, and spiritual well-being. It includes practices such as physical detox, meditation for the mind, emotional release, spiritual connection, promoting healthy relationships, and creating a harmonious environment. This comprehensive cleanse seeks to balance all aspects of your being to promote a sense of well-being and wholeness. Discover how holistic cleansing can transform your life!<\/p>\t\t\t\t\t\t\t\t<\/div>\n\t\t\t\t<\/div>\n\t\t\t\t<div class=\"elementor-element elementor-element-2d20a0f sc_fly_static elementor-widget elementor-widget-spacer\" data-id=\"2d20a0f\" data-element_type=\"widget\" data-e-type=\"widget\" data-widget_type=\"spacer.default\">\n\t\t\t\t<div class=\"elementor-widget-container\">\n\t\t\t\t\t\t\t<div class=\"elementor-spacer\">\n\t\t\t<div class=\"elementor-spacer-inner\"><\/div>\n\t\t<\/div>\n\t\t\t\t\t\t<\/div>\n\t\t\t\t<\/div>\n\t\t\t\t<div class=\"elementor-element elementor-element-21e8d80 elementor-align-center sc_fly_static elementor-widget elementor-widget-button\" data-id=\"21e8d80\" data-element_type=\"widget\" data-e-type=\"widget\" data-widget_type=\"button.default\">\n\t\t\t\t<div class=\"elementor-widget-container\">\n\t\t\t\t\t\t\t\t\t<div class=\"elementor-button-wrapper\">\n\t\t\t\t\t<a class=\"elementor-button elementor-button-link elementor-size-sm\" href=\"https:\/\/walink.co\/7f3b6d\">\n\t\t\t\t\t\t<span class=\"elementor-button-content-wrapper\">\n\t\t\t\t\t\t\t\t\t<span class=\"elementor-button-text\">Book your appointment<\/span>\n\t\t\t\t\t<\/span>\n\t\t\t\t\t<\/a>\n\t\t\t\t<\/div>\n\t\t\t\t\t\t\t\t<\/div>\n\t\t\t\t<\/div>\n\t\t\t\t\t<\/div>\n\t\t<\/div>\n\t\t\t\t\t<\/div>\n\t\t<\/section>\n\t\t\t\t<\/div>","protected":false},"excerpt":{"rendered":"<p>Como Lantha de Sol, te ofrezco la experiencia de una limpieza hol\u00edstica. Este servicio aborda no solo la salud f\u00edsica, sino tambi\u00e9n tu bienestar mental, emocional y espiritual. Incluye pr\u00e1cticas&hellip;<\/p>","protected":false},"author":2,"featured_media":0,"parent":0,"menu_order":0,"comment_status":"closed","ping_status":"closed","template":"","meta":{"om_disable_all_campaigns":false,"_monsterinsights_skip_tracking":false,"_monsterinsights_sitenote_active":false,"_monsterinsights_sitenote_note":"","_monsterinsights_sitenote_category":0,"footnotes":""},"class_list":["post-22125","page","type-page","status-publish","hentry"],"aioseo_notices":[],"_links":{"self":[{"href":"https:\/\/lanthadesol.com\/en\/wp-json\/wp\/v2\/pages\/22125","targetHints":{"allow":["GET"]}}],"collection":[{"href":"https:\/\/lanthadesol.com\/en\/wp-json\/wp\/v2\/pages"}],"about":[{"href":"https:\/\/lanthadesol.com\/en\/wp-json\/wp\/v2\/types\/page"}],"author":[{"embeddable":true,"href":"https:\/\/lanthadesol.com\/en\/wp-json\/wp\/v2\/users\/2"}],"replies":[{"embeddable":true,"href":"https:\/\/lanthadesol.com\/en\/wp-json\/wp\/v2\/comments?post=22125"}],"version-history":[{"count":4,"href":"https:\/\/lanthadesol.com\/en\/wp-json\/wp\/v2\/pages\/22125\/revisions"}],"predecessor-version":[{"id":22130,"href":"https:\/\/lanthadesol.com\/en\/wp-json\/wp\/v2\/pages\/22125\/revisions\/22130"}],"wp:attachment":[{"href":"https:\/\/lanthadesol.com\/en\/wp-json\/wp\/v2\/media?parent=22125"}],"curies":[{"name":"wp","href":"https:\/\/api.w.org\/{rel}","templated":true}]}}