{"id":2346,"date":"2020-05-12T12:03:40","date_gmt":"2020-05-12T12:03:40","guid":{"rendered":"https:\/\/lanthadesol.com\/?post_type=product&#038;p=2346"},"modified":"2023-12-28T22:13:08","modified_gmt":"2023-12-28T22:13:08","slug":"carta-lectura-year","status":"publish","type":"product","link":"https:\/\/lanthadesol.com\/en\/product\/carta-lectura-year\/","title":{"rendered":"Letter Reading of the Year"},"content":{"rendered":"<div class=\"ffb-id-1pq8443v ark-woocommerce-single-product-title hidden-xs fg-text-dark\">\n<p>\u00bfQuieres conocer tu verdadero yo, tu conexi\u00f3n con el cosmos y c\u00f3mo los astros conspiran en combinaciones clave para maximizar tu desarrollo durante el a\u00f1o? Este es el primer paso para aprender a conocerte a ti mismo en un nivel m\u00e1s profundo. \u00a1Tu viaje hacia el autodescubrimiento comienza aqu\u00ed.<\/p>\n<p>Send us the following information via WhatsApp:<\/p>\n<p>Full name<\/p>\n<p>Birthdate<\/p>\n<p>Hora de Nacimiento<\/p>\n<p>City and Country<\/p>\n<\/div>","protected":false},"excerpt":{"rendered":"<p>\u00bfQuieres conocer tu verdadero yo, tu conexi\u00f3n con el cosmos y c\u00f3mo los astros conspiran en combinaciones clave para maximizar tu desarrollo durante el a\u00f1o? Este es el primer paso&hellip;<\/p>","protected":false},"featured_media":21210,"template":"","meta":{"om_disable_all_campaigns":false,"_monsterinsights_skip_tracking":false,"_monsterinsights_sitenote_active":false,"_monsterinsights_sitenote_note":"","_monsterinsights_sitenote_category":0},"product_brand":[],"product_cat":[206],"product_tag":[189],"class_list":{"0":"post-2346","1":"product","2":"type-product","3":"status-publish","4":"has-post-thumbnail","6":"product_cat-anual","7":"product_tag-carta-astral","9":"first","10":"instock","11":"virtual","12":"sold-individually","13":"purchasable","14":"product-type-simple"},"aioseo_notices":[],"_links":{"self":[{"href":"https:\/\/lanthadesol.com\/en\/wp-json\/wp\/v2\/product\/2346","targetHints":{"allow":["GET"]}}],"collection":[{"href":"https:\/\/lanthadesol.com\/en\/wp-json\/wp\/v2\/product"}],"about":[{"href":"https:\/\/lanthadesol.com\/en\/wp-json\/wp\/v2\/types\/product"}],"wp:featuredmedia":[{"embeddable":true,"href":"https:\/\/lanthadesol.com\/en\/wp-json\/wp\/v2\/media\/21210"}],"wp:attachment":[{"href":"https:\/\/lanthadesol.com\/en\/wp-json\/wp\/v2\/media?parent=2346"}],"wp:term":[{"taxonomy":"product_brand","embeddable":true,"href":"https:\/\/lanthadesol.com\/en\/wp-json\/wp\/v2\/product_brand?post=2346"},{"taxonomy":"product_cat","embeddable":true,"href":"https:\/\/lanthadesol.com\/en\/wp-json\/wp\/v2\/product_cat?post=2346"},{"taxonomy":"product_tag","embeddable":true,"href":"https:\/\/lanthadesol.com\/en\/wp-json\/wp\/v2\/product_tag?post=2346"}],"curies":[{"name":"wp","href":"https:\/\/api.w.org\/{rel}","templated":true}]}}