{"id":22097,"date":"2024-12-05T15:24:17","date_gmt":"2024-12-05T15:24:17","guid":{"rendered":"https:\/\/lanthadesol.com\/?page_id=22097"},"modified":"2024-12-05T16:20:08","modified_gmt":"2024-12-05T16:20:08","slug":"constelacion-familiar-individual","status":"publish","type":"page","link":"https:\/\/lanthadesol.com\/es_es\/constelacion-familiar-individual\/","title":{"rendered":"Constelaci\u00f3n Familiar Individual"},"content":{"rendered":"<div data-elementor-type=\"wp-page\" data-elementor-id=\"22097\" class=\"elementor elementor-22097\">\n\t\t\t\t\t\t<section class=\"elementor-section elementor-top-section elementor-element elementor-element-73b4626 elementor-section-boxed elementor-section-height-default elementor-section-height-default sc_fly_static\" data-id=\"73b4626\" data-element_type=\"section\" data-e-type=\"section\">\n\t\t\t\t\t\t<div class=\"elementor-container elementor-column-gap-extended\">\n\t\t\t\t\t<div class=\"elementor-column elementor-col-100 elementor-top-column elementor-element elementor-element-37ae2b2 sc_inner_width_none sc_content_align_inherit sc_layouts_column_icons_position_left sc_fly_static\" data-id=\"37ae2b2\" data-element_type=\"column\" data-e-type=\"column\">\n\t\t\t<div class=\"elementor-widget-wrap elementor-element-populated\">\n\t\t\t\t\t\t<div class=\"elementor-element elementor-element-20e5c62 sc_fly_static elementor-widget elementor-widget-heading\" data-id=\"20e5c62\" data-element_type=\"widget\" data-e-type=\"widget\" data-widget_type=\"heading.default\">\n\t\t\t\t<div class=\"elementor-widget-container\">\n\t\t\t\t\t<h2 class=\"elementor-heading-title elementor-size-default\">Constelaci\u00f3n Familiar Individual<\/h2>\t\t\t\t<\/div>\n\t\t\t\t<\/div>\n\t\t\t\t<div class=\"elementor-element elementor-element-6c9ad81 sc_fly_static elementor-widget elementor-widget-spacer\" data-id=\"6c9ad81\" data-element_type=\"widget\" data-e-type=\"widget\" data-widget_type=\"spacer.default\">\n\t\t\t\t<div class=\"elementor-widget-container\">\n\t\t\t\t\t\t\t<div class=\"elementor-spacer\">\n\t\t\t<div class=\"elementor-spacer-inner\"><\/div>\n\t\t<\/div>\n\t\t\t\t\t\t<\/div>\n\t\t\t\t<\/div>\n\t\t\t\t\t<\/div>\n\t\t<\/div>\n\t\t\t\t\t<\/div>\n\t\t<\/section>\n\t\t\t\t<section class=\"elementor-section elementor-top-section elementor-element elementor-element-65a10a9 elementor-section-boxed elementor-section-height-default elementor-section-height-default sc_fly_static\" data-id=\"65a10a9\" data-element_type=\"section\" data-e-type=\"section\">\n\t\t\t\t\t\t<div class=\"elementor-container elementor-column-gap-extended\">\n\t\t\t\t\t<div class=\"elementor-column elementor-col-50 elementor-top-column elementor-element elementor-element-56586a6 sc_inner_width_none sc_content_align_inherit sc_layouts_column_icons_position_left sc_fly_static\" data-id=\"56586a6\" data-element_type=\"column\" data-e-type=\"column\">\n\t\t\t<div class=\"elementor-widget-wrap elementor-element-populated\">\n\t\t\t\t\t\t<div class=\"elementor-element elementor-element-afaa07e sc_fly_static elementor-widget elementor-widget-image\" data-id=\"afaa07e\" data-element_type=\"widget\" data-e-type=\"widget\" data-widget_type=\"image.default\">\n\t\t\t\t<div class=\"elementor-widget-container\">\n\t\t\t\t\t\t\t\t\t\t\t\t\t\t\t<img fetchpriority=\"high\" decoding=\"async\" width=\"1024\" height=\"1024\" src=\"https:\/\/lanthadesol.com\/wp-content\/uploads\/2024\/12\/WhatsApp-Image-2024-12-03-at-14.24.55.jpeg\" class=\"attachment-large size-large wp-image-22083\" alt=\"\" srcset=\"https:\/\/lanthadesol.com\/wp-content\/uploads\/2024\/12\/WhatsApp-Image-2024-12-03-at-14.24.55.jpeg 1024w, https:\/\/lanthadesol.com\/wp-content\/uploads\/2024\/12\/WhatsApp-Image-2024-12-03-at-14.24.55-300x300.jpeg 300w, https:\/\/lanthadesol.com\/wp-content\/uploads\/2024\/12\/WhatsApp-Image-2024-12-03-at-14.24.55-150x150.jpeg 150w, https:\/\/lanthadesol.com\/wp-content\/uploads\/2024\/12\/WhatsApp-Image-2024-12-03-at-14.24.55-768x768.jpeg 768w, https:\/\/lanthadesol.com\/wp-content\/uploads\/2024\/12\/WhatsApp-Image-2024-12-03-at-14.24.55-370x370.jpeg 370w, https:\/\/lanthadesol.com\/wp-content\/uploads\/2024\/12\/WhatsApp-Image-2024-12-03-at-14.24.55-120x120.jpeg 120w, https:\/\/lanthadesol.com\/wp-content\/uploads\/2024\/12\/WhatsApp-Image-2024-12-03-at-14.24.55-840x840.jpeg 840w, https:\/\/lanthadesol.com\/wp-content\/uploads\/2024\/12\/WhatsApp-Image-2024-12-03-at-14.24.55-410x410.jpeg 410w, https:\/\/lanthadesol.com\/wp-content\/uploads\/2024\/12\/WhatsApp-Image-2024-12-03-at-14.24.55-630x630.jpeg 630w, https:\/\/lanthadesol.com\/wp-content\/uploads\/2024\/12\/WhatsApp-Image-2024-12-03-at-14.24.55-600x600.jpeg 600w\" sizes=\"(max-width: 1024px) 100vw, 1024px\" \/>\t\t\t\t\t\t\t\t\t\t\t\t\t\t\t<\/div>\n\t\t\t\t<\/div>\n\t\t\t\t\t<\/div>\n\t\t<\/div>\n\t\t\t\t<div class=\"elementor-column elementor-col-50 elementor-top-column elementor-element elementor-element-a8a1901 sc_inner_width_none sc_content_align_inherit sc_layouts_column_icons_position_left sc_fly_static\" data-id=\"a8a1901\" data-element_type=\"column\" data-e-type=\"column\">\n\t\t\t<div class=\"elementor-widget-wrap elementor-element-populated\">\n\t\t\t\t\t\t<div class=\"elementor-element elementor-element-07fa7d3 sc_fly_static elementor-widget elementor-widget-text-editor\" data-id=\"07fa7d3\" data-element_type=\"widget\" data-e-type=\"widget\" data-widget_type=\"text-editor.default\">\n\t\t\t\t<div class=\"elementor-widget-container\">\n\t\t\t\t\t\t\t\t\t<p>La <strong>constelaci\u00f3n familiar individual<\/strong> busca facilitar la toma de conciencia sobre los patrones familiares invisibles que afectan el bienestar de la persona, permitiendo sanar las relaciones y lograr una mayor paz interior, ofrece un espacio m\u00e1s \u00edntimo y adaptado a las necesidades personales.<\/p><p>Lo que vas a conseguir<\/p><p><strong>Exploraci\u00f3n profunda de patrones familiares<\/strong>: La constelaci\u00f3n familiar individual permite una exploraci\u00f3n profunda de los v\u00ednculos y patrones familiares, ayudando a la persona a identificar din\u00e1micas inconscientes que afectan su vida. Esta introspecci\u00f3n puede llevar a una mayor comprensi\u00f3n de los problemas emocionales, conductuales o psicol\u00f3gicos.<\/p><p><strong>Mayor privacidad y comodidad<\/strong>: Al ser una sesi\u00f3n individual, la persona puede sentirse m\u00e1s c\u00f3moda y segura al compartir sus experiencias familiares y emocionales, sin la presi\u00f3n de estar en un grupo. Esto puede ser especialmente beneficioso para quienes se sienten vulnerables o prefieren no exponer detalles de su vida personal frente a otros.<\/p><p><strong>Enfoque personalizado<\/strong>: El terapeuta puede adaptar las intervenciones espec\u00edficamente a las necesidades de la persona, lo que permite una atenci\u00f3n m\u00e1s centrada y ajustada a su situaci\u00f3n particular. Esto puede facilitar la resoluci\u00f3n de problemas m\u00e1s espec\u00edficos o complejos.<\/p><p>\u00a0<\/p>\t\t\t\t\t\t\t\t<\/div>\n\t\t\t\t<\/div>\n\t\t\t\t\t<\/div>\n\t\t<\/div>\n\t\t\t\t\t<\/div>\n\t\t<\/section>\n\t\t\t\t<section class=\"elementor-section elementor-top-section elementor-element elementor-element-5b10bcf elementor-section-boxed elementor-section-height-default elementor-section-height-default sc_fly_static\" data-id=\"5b10bcf\" data-element_type=\"section\" data-e-type=\"section\">\n\t\t\t\t\t\t<div class=\"elementor-container elementor-column-gap-extended\">\n\t\t\t\t\t<div class=\"elementor-column elementor-col-50 elementor-top-column elementor-element elementor-element-754908a sc_inner_width_none sc_content_align_inherit sc_layouts_column_icons_position_left sc_fly_static\" data-id=\"754908a\" data-element_type=\"column\" data-e-type=\"column\">\n\t\t\t<div class=\"elementor-widget-wrap elementor-element-populated\">\n\t\t\t\t\t\t<div class=\"elementor-element elementor-element-3896d9e sc_fly_static elementor-widget elementor-widget-text-editor\" data-id=\"3896d9e\" data-element_type=\"widget\" data-e-type=\"widget\" data-widget_type=\"text-editor.default\">\n\t\t\t\t<div class=\"elementor-widget-container\">\n\t\t\t\t\t\t\t\t\t<p><strong>Mayor control y ritmo<\/strong>: En una sesi\u00f3n individual, la persona tiene mayor control sobre el proceso, ya que puede avanzar a su propio ritmo. No hay presi\u00f3n para ajustarse al ritmo de un grupo, lo que permite que la persona trabaje en sus propios tiempos y de manera m\u00e1s fluida.<\/p><p><strong>Sintonizaci\u00f3n emocional m\u00e1s directa<\/strong>: Al ser una experiencia uno a uno, el terapeuta puede estar completamente centrado en la persona, lo que facilita una sintonizaci\u00f3n emocional m\u00e1s directa y efectiva. Esto puede ayudar a que la persona se sienta m\u00e1s entendida y respaldada en su proceso terap\u00e9utico.<\/p><p><strong>Resoluci\u00f3n de conflictos familiares internos<\/strong>: A trav\u00e9s de la visualizaci\u00f3n y reestructuraci\u00f3n de las din\u00e1micas familiares, la persona puede sanar conflictos internos, sanar traumas generacionales o resolver temas no resueltos que afectan su bienestar emocional o sus relaciones actuales.<\/p><p><strong>Facilita la sanaci\u00f3n personal<\/strong>: La constelaci\u00f3n familiar individual puede generar una mayor claridad sobre las relaciones familiares y su impacto en la vida presente, lo que contribuye a la sanaci\u00f3n personal. Esto puede llevar a una mayor paz interior, equilibrio emocional y mejora en la calidad de vida.<\/p>\t\t\t\t\t\t\t\t<\/div>\n\t\t\t\t<\/div>\n\t\t\t\t\t<\/div>\n\t\t<\/div>\n\t\t\t\t<div class=\"elementor-column elementor-col-50 elementor-top-column elementor-element elementor-element-0b14a75 sc_inner_width_none sc_content_align_inherit sc_layouts_column_icons_position_left sc_fly_static\" data-id=\"0b14a75\" data-element_type=\"column\" data-e-type=\"column\">\n\t\t\t<div class=\"elementor-widget-wrap elementor-element-populated\">\n\t\t\t\t\t\t<div class=\"elementor-element elementor-element-24ba518 sc_fly_static elementor-widget elementor-widget-image\" data-id=\"24ba518\" data-element_type=\"widget\" data-e-type=\"widget\" data-widget_type=\"image.default\">\n\t\t\t\t<div class=\"elementor-widget-container\">\n\t\t\t\t\t\t\t\t\t\t\t\t\t\t\t<img decoding=\"async\" width=\"1024\" height=\"1024\" src=\"https:\/\/lanthadesol.com\/wp-content\/uploads\/2024\/12\/WhatsApp-Image-2024-12-03-at-14.24.54.jpeg\" class=\"attachment-large size-large wp-image-22106\" alt=\"\" srcset=\"https:\/\/lanthadesol.com\/wp-content\/uploads\/2024\/12\/WhatsApp-Image-2024-12-03-at-14.24.54.jpeg 1024w, https:\/\/lanthadesol.com\/wp-content\/uploads\/2024\/12\/WhatsApp-Image-2024-12-03-at-14.24.54-300x300.jpeg 300w, https:\/\/lanthadesol.com\/wp-content\/uploads\/2024\/12\/WhatsApp-Image-2024-12-03-at-14.24.54-150x150.jpeg 150w, https:\/\/lanthadesol.com\/wp-content\/uploads\/2024\/12\/WhatsApp-Image-2024-12-03-at-14.24.54-768x768.jpeg 768w, https:\/\/lanthadesol.com\/wp-content\/uploads\/2024\/12\/WhatsApp-Image-2024-12-03-at-14.24.54-370x370.jpeg 370w, https:\/\/lanthadesol.com\/wp-content\/uploads\/2024\/12\/WhatsApp-Image-2024-12-03-at-14.24.54-120x120.jpeg 120w, https:\/\/lanthadesol.com\/wp-content\/uploads\/2024\/12\/WhatsApp-Image-2024-12-03-at-14.24.54-840x840.jpeg 840w, https:\/\/lanthadesol.com\/wp-content\/uploads\/2024\/12\/WhatsApp-Image-2024-12-03-at-14.24.54-410x410.jpeg 410w, https:\/\/lanthadesol.com\/wp-content\/uploads\/2024\/12\/WhatsApp-Image-2024-12-03-at-14.24.54-630x630.jpeg 630w, https:\/\/lanthadesol.com\/wp-content\/uploads\/2024\/12\/WhatsApp-Image-2024-12-03-at-14.24.54-600x600.jpeg 600w\" sizes=\"(max-width: 1024px) 100vw, 1024px\" \/>\t\t\t\t\t\t\t\t\t\t\t\t\t\t\t<\/div>\n\t\t\t\t<\/div>\n\t\t\t\t\t<\/div>\n\t\t<\/div>\n\t\t\t\t\t<\/div>\n\t\t<\/section>\n\t\t\t\t<section class=\"elementor-section elementor-top-section elementor-element elementor-element-09827a9 elementor-section-boxed elementor-section-height-default elementor-section-height-default sc_fly_static\" data-id=\"09827a9\" data-element_type=\"section\" data-e-type=\"section\">\n\t\t\t\t\t\t<div class=\"elementor-container elementor-column-gap-extended\">\n\t\t\t\t\t<div class=\"elementor-column elementor-col-100 elementor-top-column elementor-element elementor-element-b5327f7 sc_inner_width_none sc_content_align_inherit sc_layouts_column_icons_position_left sc_fly_static\" data-id=\"b5327f7\" data-element_type=\"column\" data-e-type=\"column\">\n\t\t\t<div class=\"elementor-widget-wrap elementor-element-populated\">\n\t\t\t\t\t\t<div class=\"elementor-element elementor-element-1d60a34 sc_fly_static elementor-widget elementor-widget-spacer\" data-id=\"1d60a34\" data-element_type=\"widget\" data-e-type=\"widget\" data-widget_type=\"spacer.default\">\n\t\t\t\t<div class=\"elementor-widget-container\">\n\t\t\t\t\t\t\t<div class=\"elementor-spacer\">\n\t\t\t<div class=\"elementor-spacer-inner\"><\/div>\n\t\t<\/div>\n\t\t\t\t\t\t<\/div>\n\t\t\t\t<\/div>\n\t\t\t\t<div class=\"elementor-element elementor-element-fbd0635 elementor-align-center sc_fly_static elementor-widget elementor-widget-button\" data-id=\"fbd0635\" data-element_type=\"widget\" data-e-type=\"widget\" data-widget_type=\"button.default\">\n\t\t\t\t<div class=\"elementor-widget-container\">\n\t\t\t\t\t\t\t\t\t<div class=\"elementor-button-wrapper\">\n\t\t\t\t\t<a class=\"elementor-button elementor-button-link elementor-size-sm\" href=\"https:\/\/walink.co\/7f3b6d\">\n\t\t\t\t\t\t<span class=\"elementor-button-content-wrapper\">\n\t\t\t\t\t\t\t\t\t<span class=\"elementor-button-text\">Reserva tu cita<\/span>\n\t\t\t\t\t<\/span>\n\t\t\t\t\t<\/a>\n\t\t\t\t<\/div>\n\t\t\t\t\t\t\t\t<\/div>\n\t\t\t\t<\/div>\n\t\t\t\t\t<\/div>\n\t\t<\/div>\n\t\t\t\t\t<\/div>\n\t\t<\/section>\n\t\t\t\t<section class=\"elementor-section elementor-top-section elementor-element elementor-element-04fe544 elementor-section-boxed elementor-section-height-default elementor-section-height-default sc_fly_static\" data-id=\"04fe544\" data-element_type=\"section\" data-e-type=\"section\">\n\t\t\t\t\t\t<div class=\"elementor-container elementor-column-gap-extended\">\n\t\t\t\t\t<div class=\"elementor-column elementor-col-100 elementor-top-column elementor-element elementor-element-35ce2f3 sc_inner_width_none sc_content_align_inherit sc_layouts_column_icons_position_left sc_fly_static\" data-id=\"35ce2f3\" data-element_type=\"column\" data-e-type=\"column\">\n\t\t\t<div class=\"elementor-widget-wrap elementor-element-populated\">\n\t\t\t\t\t\t<div class=\"elementor-element elementor-element-0cff727 sc_fly_static elementor-widget elementor-widget-spacer\" data-id=\"0cff727\" data-element_type=\"widget\" data-e-type=\"widget\" data-widget_type=\"spacer.default\">\n\t\t\t\t<div class=\"elementor-widget-container\">\n\t\t\t\t\t\t\t<div class=\"elementor-spacer\">\n\t\t\t<div class=\"elementor-spacer-inner\"><\/div>\n\t\t<\/div>\n\t\t\t\t\t\t<\/div>\n\t\t\t\t<\/div>\n\t\t\t\t\t<\/div>\n\t\t<\/div>\n\t\t\t\t\t<\/div>\n\t\t<\/section>\n\t\t\t\t<\/div>","protected":false},"excerpt":{"rendered":"<p>Constelaci\u00f3n Familiar Individual La constelaci\u00f3n familiar individual busca facilitar la toma de conciencia sobre los patrones familiares invisibles que afectan el bienestar de la persona, permitiendo sanar las relaciones y&hellip;<\/p>","protected":false},"author":2,"featured_media":0,"parent":0,"menu_order":0,"comment_status":"closed","ping_status":"closed","template":"","meta":{"om_disable_all_campaigns":false,"_monsterinsights_skip_tracking":false,"_monsterinsights_sitenote_active":false,"_monsterinsights_sitenote_note":"","_monsterinsights_sitenote_category":0,"footnotes":""},"class_list":["post-22097","page","type-page","status-publish","hentry"],"aioseo_notices":[],"_links":{"self":[{"href":"https:\/\/lanthadesol.com\/es_es\/wp-json\/wp\/v2\/pages\/22097","targetHints":{"allow":["GET"]}}],"collection":[{"href":"https:\/\/lanthadesol.com\/es_es\/wp-json\/wp\/v2\/pages"}],"about":[{"href":"https:\/\/lanthadesol.com\/es_es\/wp-json\/wp\/v2\/types\/page"}],"author":[{"embeddable":true,"href":"https:\/\/lanthadesol.com\/es_es\/wp-json\/wp\/v2\/users\/2"}],"replies":[{"embeddable":true,"href":"https:\/\/lanthadesol.com\/es_es\/wp-json\/wp\/v2\/comments?post=22097"}],"version-history":[{"count":16,"href":"https:\/\/lanthadesol.com\/es_es\/wp-json\/wp\/v2\/pages\/22097\/revisions"}],"predecessor-version":[{"id":22118,"href":"https:\/\/lanthadesol.com\/es_es\/wp-json\/wp\/v2\/pages\/22097\/revisions\/22118"}],"wp:attachment":[{"href":"https:\/\/lanthadesol.com\/es_es\/wp-json\/wp\/v2\/media?parent=22097"}],"curies":[{"name":"wp","href":"https:\/\/api.w.org\/{rel}","templated":true}]}}