{"id":21588,"date":"2023-12-19T16:50:39","date_gmt":"2023-12-19T16:50:39","guid":{"rendered":"https:\/\/lanthadesol.com\/?post_type=product&#038;p=21588"},"modified":"2023-12-22T06:38:57","modified_gmt":"2023-12-22T06:38:57","slug":"carta-lectura-trimestral","status":"publish","type":"product","link":"https:\/\/lanthadesol.com\/es_es\/producto\/carta-lectura-trimestral\/","title":{"rendered":"Carta Lectura trimestral"},"content":{"rendered":"","protected":false},"excerpt":{"rendered":"<p>Descubre un camino hacia la revelaci\u00f3n de tu destino en todos sus matices. Esta exclusiva consulta ofrece una oportunidad \u00fanica para obtener una claridad profunda sobre cada aspecto de tu vida. Sum\u00e9rgete en un viaje de autoconocimiento, donde podr\u00e1s explorar tus inquietudes m\u00e1s \u00edntimas y comprender tus desaf\u00edos con una perspicacia sin igual.<\/p>\n<p>Conecta con los maestros del destino, expertos que te guiar\u00e1n hacia un pron\u00f3stico completo, abarcando la energ\u00eda que has desencadenado en el pasado, la que experimentas en el presente y la que te aguarda en el futuro. Descubre la trama de tu existencia de una manera que te permitir\u00e1 alcanzar un entendimiento m\u00e1s profundo y completo de tu ser.<\/p>\n<p>No pierdas la oportunidad de desentra\u00f1ar los misterios que rodean tu destino. \u00a1Haz contacto ahora mismo con los sabios del camino y encamina tu vida hacia un futuro m\u00e1s iluminado y pleno!<\/p>","protected":false},"featured_media":21589,"template":"","meta":{"om_disable_all_campaigns":false,"_monsterinsights_skip_tracking":false,"_monsterinsights_sitenote_active":false,"_monsterinsights_sitenote_note":"","_monsterinsights_sitenote_category":0},"product_brand":[],"product_cat":[205],"product_tag":[],"class_list":{"0":"post-21588","1":"product","2":"type-product","3":"status-publish","4":"has-post-thumbnail","6":"product_cat-trimestral","8":"first","9":"instock","10":"virtual","11":"sold-individually","12":"purchasable","13":"product-type-simple"},"aioseo_notices":[],"_links":{"self":[{"href":"https:\/\/lanthadesol.com\/es_es\/wp-json\/wp\/v2\/product\/21588","targetHints":{"allow":["GET"]}}],"collection":[{"href":"https:\/\/lanthadesol.com\/es_es\/wp-json\/wp\/v2\/product"}],"about":[{"href":"https:\/\/lanthadesol.com\/es_es\/wp-json\/wp\/v2\/types\/product"}],"wp:featuredmedia":[{"embeddable":true,"href":"https:\/\/lanthadesol.com\/es_es\/wp-json\/wp\/v2\/media\/21589"}],"wp:attachment":[{"href":"https:\/\/lanthadesol.com\/es_es\/wp-json\/wp\/v2\/media?parent=21588"}],"wp:term":[{"taxonomy":"product_brand","embeddable":true,"href":"https:\/\/lanthadesol.com\/es_es\/wp-json\/wp\/v2\/product_brand?post=21588"},{"taxonomy":"product_cat","embeddable":true,"href":"https:\/\/lanthadesol.com\/es_es\/wp-json\/wp\/v2\/product_cat?post=21588"},{"taxonomy":"product_tag","embeddable":true,"href":"https:\/\/lanthadesol.com\/es_es\/wp-json\/wp\/v2\/product_tag?post=21588"}],"curies":[{"name":"wp","href":"https:\/\/api.w.org\/{rel}","templated":true}]}}