{"id":2382,"date":"2020-05-12T12:21:00","date_gmt":"2020-05-12T12:21:00","guid":{"rendered":"https:\/\/lanthadesol.com\/?post_type=product&#038;p=2382"},"modified":"2023-12-28T22:13:10","modified_gmt":"2023-12-28T22:13:10","slug":"carta-lectura","status":"publish","type":"product","link":"https:\/\/lanthadesol.com\/es_es\/producto\/carta-lectura\/","title":{"rendered":"Lectura del Tarot"},"content":{"rendered":"<div class=\"flex-1 overflow-hidden\">\n<div class=\"react-scroll-to-bottom--css-afbet-79elbk h-full\">\n<div class=\"react-scroll-to-bottom--css-afbet-1n7m0yu\">\n<div class=\"flex flex-col pb-9 text-sm\">\n<div class=\"w-full text-token-text-primary\" data-testid=\"conversation-turn-19\">\n<div class=\"px-4 py-2 justify-center text-base md:gap-6 m-auto\">\n<div class=\"flex flex-1 text-base mx-auto gap-3 md:px-5 lg:px-1 xl:px-5 md:max-w-3xl lg:max-w-[40rem] xl:max-w-[48rem] group final-completion\">\n<div class=\"relative flex w-full flex-col lg:w-[calc(100%-115px)] agent-turn\">\n<div class=\"flex-col gap-1 md:gap-3\">\n<div class=\"flex flex-grow flex-col max-w-full\">\n<div class=\"min-h-[20px] text-message flex flex-col items-start gap-3 whitespace-pre-wrap break-words [.text-message+&amp;]:mt-5 overflow-x-auto\" data-message-author-role=\"assistant\" data-message-id=\"10b9cf4e-fd90-4960-8ef0-205c8191b2c7\">\n<div class=\"markdown prose w-full break-words dark:prose-invert dark\">\n<p>Soy Lantha de Sol y ofrezco lecturas de tarot que van m\u00e1s all\u00e1 de predecir el futuro. Con mi enfoque personalizado, utilizo las cartas para explorar tu personalidad, ayudarte en la toma de decisiones, revelar din\u00e1micas de relaciones, fomentar el crecimiento espiritual y ofrecer soluciones a desaf\u00edos espec\u00edficos. Tambi\u00e9n te guiar\u00e9 en la planificaci\u00f3n a corto plazo y te invitar\u00e9 a la meditaci\u00f3n y reflexi\u00f3n. Ten en cuenta que el tarot es una herramienta de autoexploraci\u00f3n, y las interpretaciones pueden variar. \u00a1Con\u00e9ctate conmigo para descubrir m\u00e1s sobre ti y tu camino!<\/p>\n<\/div>\n<\/div>\n<\/div>\n<div class=\"mt-1 flex justify-start gap-3 empty:hidden\">\n<div class=\"text-gray-400 flex self-end lg:self-center justify-center lg:justify-start mt-0 gap-1 visible\">\n<p>&nbsp;<\/p>\n<div class=\"flex gap-1\"><\/div>\n<div class=\"flex items-center gap-1.5 text-xs\"><\/div>\n<\/div>\n<\/div>\n<\/div>\n<\/div>\n<\/div>\n<\/div>\n<\/div>\n<\/div>\n<\/div>\n<\/div>\n<\/div>\n<div class=\"w-full pt-2 md:pt-0 dark:border-white\/20 md:border-transparent md:dark:border-transparent md:w-[calc(100%-.5rem)]\">\n<form class=\"stretch mx-2 flex flex-row gap-3 last:mb-2 md:mx-4 md:last:mb-6 lg:mx-auto lg:max-w-2xl xl:max-w-3xl\">\n<div class=\"relative flex h-full flex-1 items-stretch md:flex-col\">\n<div class=\"flex w-full items-center\"><\/div>\n<\/div>\n<\/form>\n<\/div>\n","protected":false},"excerpt":{"rendered":"<p>Tiempo de Lectura: 60 Minutos<\/p>\n<ul>\n<li><strong>Tirada de cartas enfocada a:<\/strong><\/li>\n<li><strong>Autoconocimiento:<\/strong> Las lecturas de tarot pueden ser utilizadas como una herramienta para explorar y comprender mejor aspectos de la personalidad.<\/li>\n<li><strong>Toma de decisiones: <\/strong>Al evaluar diferentes opciones y perspectivas, el tarot puede ayudar a tomar decisiones m\u00e1s informadas.<\/li>\n<li><strong>Crecimiento espiritual: <\/strong>Puede ser utilizado como una herramienta de reflexi\u00f3n para explorar la conexi\u00f3n con el yo interior, la espiritualidad y el prop\u00f3sito de vida.<\/li>\n<li><strong>Planificaci\u00f3n a corto plazo: <\/strong>Algunas lecturas se centran en eventos espec\u00edficos a corto plazo, como proyectos, viajes o eventos sociales, proporcionando orientaci\u00f3n sobre c\u00f3mo abordarlos.<\/li>\n<li><strong>Resoluci\u00f3n de problemas:<\/strong> Las lecturas de tarot pueden ayudar a abordar desaf\u00edos espec\u00edficos o problemas al ofrecer perspectivas alternativas y sugerencias para superar obst\u00e1culos.<\/li>\n<\/ul>","protected":false},"featured_media":21107,"template":"","meta":{"om_disable_all_campaigns":false,"_monsterinsights_skip_tracking":false,"_monsterinsights_sitenote_active":false,"_monsterinsights_sitenote_note":"","_monsterinsights_sitenote_category":0},"product_brand":[],"product_cat":[74],"product_tag":[191,190],"class_list":{"0":"post-2382","1":"product","2":"type-product","3":"status-publish","4":"has-post-thumbnail","6":"product_cat-lectura-de-tarot","7":"product_tag-destino","8":"product_tag-lectura-de-tarot","10":"first","11":"instock","12":"virtual","13":"sold-individually","14":"purchasable","15":"product-type-simple"},"aioseo_notices":[],"_links":{"self":[{"href":"https:\/\/lanthadesol.com\/es_es\/wp-json\/wp\/v2\/product\/2382","targetHints":{"allow":["GET"]}}],"collection":[{"href":"https:\/\/lanthadesol.com\/es_es\/wp-json\/wp\/v2\/product"}],"about":[{"href":"https:\/\/lanthadesol.com\/es_es\/wp-json\/wp\/v2\/types\/product"}],"wp:featuredmedia":[{"embeddable":true,"href":"https:\/\/lanthadesol.com\/es_es\/wp-json\/wp\/v2\/media\/21107"}],"wp:attachment":[{"href":"https:\/\/lanthadesol.com\/es_es\/wp-json\/wp\/v2\/media?parent=2382"}],"wp:term":[{"taxonomy":"product_brand","embeddable":true,"href":"https:\/\/lanthadesol.com\/es_es\/wp-json\/wp\/v2\/product_brand?post=2382"},{"taxonomy":"product_cat","embeddable":true,"href":"https:\/\/lanthadesol.com\/es_es\/wp-json\/wp\/v2\/product_cat?post=2382"},{"taxonomy":"product_tag","embeddable":true,"href":"https:\/\/lanthadesol.com\/es_es\/wp-json\/wp\/v2\/product_tag?post=2382"}],"curies":[{"name":"wp","href":"https:\/\/api.w.org\/{rel}","templated":true}]}}